{"id":20204,"date":"2022-11-14T12:55:36","date_gmt":"2023-02-08T23:56:20","guid":{"rendered":"https:\/\/schmizo.ch\/produkt\/bola-temperature-probe-lemo-compact-ptfe\/"},"modified":"2023-03-14T22:37:10","modified_gmt":"2023-03-14T21:37:10","slug":"bola-temperature-probe-lemo-compact-ptfe","status":"publish","type":"product","link":"https:\/\/schmizo.ch\/en\/produkt\/bola-temperature-probe-lemo-compact-ptfe\/","title":{"rendered":"BOLA Temperature Probe"},"content":{"rendered":"<p><strong>BOLA Temperature Probe &#8211; Lemo-Compact, PTFE<\/strong><\/p>\n<p>Thermocouple (PT 100) in a PTFE covered stinless steel tube.<br \/>\nProbe \u00d8 8 mm, tip \u00d8 6 mm, collar ring \u00d8 12 mm.<br \/>\nConnection by a coupling fixed directly at the end of the probe (type Lemo\u00ae, socket size 1, 4-pole).<\/p>\n<p>Resistance: -200\u00b0C to +250\u00b0C (Measuring range: -50\u00b0C to +250\u00b0C)<\/p>\n<div class=\"t m0 x12 hb y7a1 ff4 fs4 fc1 sc0 ls0 ws0\"><em>Probes made of stainless steel by request<\/em><\/div>\n","protected":false},"excerpt":{"rendered":"<p>BOLA Temperature Probe &#8211; Lemo-Compact, PTFE Thermocouple (PT 100) in a PTFE covered stinless steel tube. Probe \u00d8 8 mm, tip \u00d8 6 mm, collar ring \u00d8 12 mm. Connection by a coupling fixed directly at the end of the probe (type Lemo\u00ae, socket size 1, 4-pole). Resistance: -200\u00b0C to +250\u00b0C (Measuring range: -50\u00b0C to [&hellip;]<\/p>\n","protected":false},"featured_media":16590,"comment_status":"closed","ping_status":"closed","template":"","meta":{"footnotes":""},"product_brand":[],"product_cat":[78,158],"product_tag":[],"class_list":{"0":"post-20204","1":"product","2":"type-product","3":"status-publish","4":"has-post-thumbnail","6":"product_cat-reactor-accessories","7":"product_cat-temperature-probes","9":"first","10":"instock","11":"purchasable","12":"product-type-variable"},"_links":{"self":[{"href":"https:\/\/schmizo.ch\/en\/wp-json\/wp\/v2\/product\/20204","targetHints":{"allow":["GET"]}}],"collection":[{"href":"https:\/\/schmizo.ch\/en\/wp-json\/wp\/v2\/product"}],"about":[{"href":"https:\/\/schmizo.ch\/en\/wp-json\/wp\/v2\/types\/product"}],"replies":[{"embeddable":true,"href":"https:\/\/schmizo.ch\/en\/wp-json\/wp\/v2\/comments?post=20204"}],"version-history":[{"count":0,"href":"https:\/\/schmizo.ch\/en\/wp-json\/wp\/v2\/product\/20204\/revisions"}],"wp:featuredmedia":[{"embeddable":true,"href":"https:\/\/schmizo.ch\/en\/wp-json\/wp\/v2\/media\/16590"}],"wp:attachment":[{"href":"https:\/\/schmizo.ch\/en\/wp-json\/wp\/v2\/media?parent=20204"}],"wp:term":[{"taxonomy":"product_brand","embeddable":true,"href":"https:\/\/schmizo.ch\/en\/wp-json\/wp\/v2\/product_brand?post=20204"},{"taxonomy":"product_cat","embeddable":true,"href":"https:\/\/schmizo.ch\/en\/wp-json\/wp\/v2\/product_cat?post=20204"},{"taxonomy":"product_tag","embeddable":true,"href":"https:\/\/schmizo.ch\/en\/wp-json\/wp\/v2\/product_tag?post=20204"}],"curies":[{"name":"wp","href":"https:\/\/api.w.org\/{rel}","templated":true}]}}